{"id":406,"date":"2024-03-25T13:42:48","date_gmt":"2024-03-25T12:42:48","guid":{"rendered":"https:\/\/planetacars.es\/conditions-de-location\/"},"modified":"2024-04-08T10:38:16","modified_gmt":"2024-04-08T08:38:16","slug":"conditions-de-location","status":"publish","type":"page","link":"https:\/\/planetacars.es\/fr\/conditions-de-location\/","title":{"rendered":"Conditions de location"},"content":{"rendered":"<p>[et_pb_section fb_built=\u00a0\u00bb1&Prime; _builder_version=\u00a0\u00bb4.24.2&Prime; _module_preset=\u00a0\u00bbdefault\u00a0\u00bb custom_padding=\u00a0\u00bb||0px|||\u00a0\u00bb global_colors_info=\u00a0\u00bb{}\u00a0\u00bb][et_pb_row _builder_version=\u00a0\u00bb4.24.2&Prime; _module_preset=\u00a0\u00bbdefault\u00a0\u00bb global_colors_info=\u00a0\u00bb{}\u00a0\u00bb][et_pb_column type=\u00a0\u00bb4_4&Prime; _builder_version=\u00a0\u00bb4.24.2&Prime; _module_preset=\u00a0\u00bbdefault\u00a0\u00bb global_colors_info=\u00a0\u00bb{}\u00a0\u00bb][et_pb_text _builder_version=\u00a0\u00bb4.24.2&Prime; _module_preset=\u00a0\u00bbdefault\u00a0\u00bb header_font=\u00a0\u00bb|700||on|||||\u00a0\u00bb header_text_color=\u00a0\u00bb#000000&Prime; header_font_size=\u00a0\u00bb38px\u00a0\u00bb header_2_font=\u00a0\u00bb|600||on|||||\u00a0\u00bb global_colors_info=\u00a0\u00bb{}\u00a0\u00bb]<\/p>\n<h1>Conditions g\u00e9n\u00e9rales de location<\/h1>\n<p>&nbsp;<\/p>\n<h2>Inclus dans le prix<\/h2>\n<ul>\n<li>Prix de location, frais et taxes.<\/li>\n<li>Kilom\u00e9trage illimit\u00e9.<\/li>\n<li>Couverture contre le vol du v\u00e9hicule.<\/li>\n<\/ul>\n<p>En cas d&rsquo;accident ou de panne du v\u00e9hicule, le client est tenu de remplir un rapport d&rsquo;accident\/dommage et de le remettre \u00e0 notre bureau.<\/p>\n<p>En cas de vol du v\u00e9hicule, le client est tenu de le d\u00e9clarer \u00e0 la police et le rapport doit \u00eatre remis \u00e0 notre bureau.<\/p>\n<p>Tout accident ou dommage au v\u00e9hicule non signal\u00e9 sera consid\u00e9r\u00e9 comme une n\u00e9gligence de la part du client et pourra entra\u00eener des frais suppl\u00e9mentaires non couverts par l&rsquo;assurance.<\/p>\n<p>La police d&rsquo;assurance couvre le locataire et les occupants contre la responsabilit\u00e9 civile (dommages aux tiers) pour un montant de 50.000.000 \u20ac.<\/p>\n<p>&nbsp;<\/p>\n<h2>Non inclus dans le prix (Extras)<\/h2>\n<ul>\n<li>Si\u00e8ges b\u00e9b\u00e9.<\/li>\n<li>Conducteur suppl\u00e9mentaire.<\/li>\n<li>Carburant (\u00e0 fournir par le client)<\/li>\n<li>Nuit suppl\u00e9mentaire.<\/li>\n<li>35 \u20ac de frais de traitement administratif pour les amendes<\/li>\n<\/ul>\n<p>&nbsp;<\/p>\n<h2>Non inclus dans l&rsquo;assurance<\/h2>\n<ul>\n<li>Perte de cl\u00e9s.<\/li>\n<li>Service de remorquage (uniquement en cas de n\u00e9gligence du conducteur).<\/li>\n<li>Erreurs de carburant.<\/li>\n<li>Amendes de circulation et de stationnement.<\/li>\n<\/ul>\n<p>[\/et_pb_text][\/et_pb_column][\/et_pb_row][\/et_pb_section]<\/p>\n","protected":false},"excerpt":{"rendered":"<p>Conditions g\u00e9n\u00e9rales de location &nbsp; Inclus dans le prix Prix de location, frais et taxes. Kilom\u00e9trage illimit\u00e9. Couverture contre le vol du v\u00e9hicule. En cas d&rsquo;accident ou de panne du v\u00e9hicule, le client est tenu de remplir un rapport d&rsquo;accident\/dommage et de le remettre \u00e0 notre bureau. En cas de vol du v\u00e9hicule, le client [&hellip;]<\/p>\n","protected":false},"author":1,"featured_media":0,"parent":0,"menu_order":0,"comment_status":"closed","ping_status":"closed","template":"","meta":{"_et_pb_use_builder":"on","_et_pb_old_content":"","_et_gb_content_width":"","_joinchat":[],"footnotes":""},"class_list":["post-406","page","type-page","status-publish","hentry"],"aioseo_notices":[],"_links":{"self":[{"href":"https:\/\/planetacars.es\/fr\/wp-json\/wp\/v2\/pages\/406","targetHints":{"allow":["GET"]}}],"collection":[{"href":"https:\/\/planetacars.es\/fr\/wp-json\/wp\/v2\/pages"}],"about":[{"href":"https:\/\/planetacars.es\/fr\/wp-json\/wp\/v2\/types\/page"}],"author":[{"embeddable":true,"href":"https:\/\/planetacars.es\/fr\/wp-json\/wp\/v2\/users\/1"}],"replies":[{"embeddable":true,"href":"https:\/\/planetacars.es\/fr\/wp-json\/wp\/v2\/comments?post=406"}],"version-history":[{"count":2,"href":"https:\/\/planetacars.es\/fr\/wp-json\/wp\/v2\/pages\/406\/revisions"}],"predecessor-version":[{"id":408,"href":"https:\/\/planetacars.es\/fr\/wp-json\/wp\/v2\/pages\/406\/revisions\/408"}],"wp:attachment":[{"href":"https:\/\/planetacars.es\/fr\/wp-json\/wp\/v2\/media?parent=406"}],"curies":[{"name":"wp","href":"https:\/\/api.w.org\/{rel}","templated":true}]}}